{"id":1746,"date":"2026-01-22T09:34:43","date_gmt":"2026-01-22T08:34:43","guid":{"rendered":"https:\/\/shop.steel-containers.com\/?post_type=product&#038;p=1746"},"modified":"2026-03-16T13:19:50","modified_gmt":"2026-03-16T12:19:50","slug":"fork-elektryczny-wozek-paletowy-pre20","status":"publish","type":"product","link":"https:\/\/shop.steel-containers.com\/pl\/produkt\/fork-elektryczny-wozek-paletowy-pre20\/","title":{"rendered":"FORK Elektryczny w\u00f3zek paletowy PRE20"},"content":{"rendered":"<p>Elektryczne w\u00f3zki paletowe s\u0105 wyposa\u017cone w akumulatory litowo-jonowe. Zasilany akumulatorami litowo-jonowymi, elektryczny w\u00f3zek paletowy to elektryczny w\u00f3zek wid\u0142owy, kt\u00f3ry pomaga pracownikom magazynu podnosi\u0107 i przenosi\u0107 palety bez u\u017cycia si\u0142y fizycznej. Akumulator litowo-jonowy zasila mechanizmy podnoszenia i jazdy.<\/p>\n<p>Akumulatory litowo-jonowe to nowoczesna technologia akumulator\u00f3w, kt\u00f3ra oferuje wiele zalet w por\u00f3wnaniu z ich poprzednikami, akumulatorami kwasowo-o\u0142owiowymi. Jedn\u0105 z g\u0142\u00f3wnych zalet akumulator\u00f3w litowo-jonowych do w\u00f3zk\u00f3w paletowych jest 3x d\u0142u\u017csza \u017cywotno\u015b\u0107, mniejsza waga i \u0142atwiejsza konserwacja urz\u0105dzenia.<\/p>\n<p><strong>Elektryczny w\u00f3zek paletowy z akumulatorem litowym PRE20:<\/strong><\/p>\n<ul>\n<li><strong>No\u015bno\u015b\u0107<\/strong> &#8211; 2000kg;<\/li>\n<li><strong>D\u0142ugo\u015b\u0107 wide\u0142<\/strong> &#8211; 1150mm;<\/li>\n<li><strong> Kompaktowy i trwa\u0142y<\/strong> &#8211; obudowa wykonana jest ze sztywnych materia\u0142\u00f3w, bez mo\u017cliwo\u015bci wygi\u0119cia i odkszta\u0142cenia;<\/li>\n<li><strong>\u0141atwy w sterowaniu<\/strong>&#8211; ergonomiczny uchwyt;<\/li>\n<li><strong>Opcja pr\u0119dko\u015bci \u017c\u00f3\u0142wia<\/strong> &#8211; prze\u0142\u0105czanie mi\u0119dzy trybami szybkiej i wolnej jazdy dla bezpieczniejszej pracy;<\/li>\n<li><strong>Najbardziej kompaktowa maszyna o tym samym ud\u017awigu<\/strong> &#8211; odpowiednia do ma\u0142ych miejsc pracy , takie jak ma\u0142e warsztaty, magazyny, ci\u0119\u017car\u00f3wki lub samochody dostawcze;<\/li>\n<li><strong>Unikalna konstrukcja wide\u0142<\/strong> &#8211; \u0142atwa w obs\u0142udze z paletami europejskimi, paletami ameryka\u0144skimi i paletami z tworzyw sztucznych. Sztywny widelec bez odkszta\u0142ce\u0144, wysoka trwa\u0142o\u015b\u0107;<\/li>\n<li><strong>Szybkie \u0142adowanie<\/strong> &#8211; 2 godziny do pe\u0142nego na\u0142adowania akumulatora;<\/li>\n<li><strong>D\u0142uga \u017cywotno\u015b\u0107<\/strong> &#8211; bateria litowa zapewnia d\u0142ugotrwa\u0142e u\u017cytkowanie;<\/li>\n<li><strong>Wysokie bezpiecze\u0144stwo<\/strong> &#8211; wbudowany panel ochronny i wielokrotne zabezpieczenia zapobiegaj\u0105ce prze\u0142adowaniu i nadmiernemu roz\u0142adowaniu.<\/li>\n<li>Wzmocnione &#8211; popychacz, rama ko\u0142a i siedzisko;<\/li>\n<li>Dzi\u0119ki zapasowemu akumulatorowi urz\u0105dzenie mo\u017ce pracowa\u0107 przez 24 godziny.<\/li>\n<\/ul>\n","protected":false},"excerpt":{"rendered":"<p>PRE20<\/p>\n","protected":false},"featured_media":803,"comment_status":"open","ping_status":"closed","template":"","meta":[],"product_brand":[],"product_cat":[523],"product_tag":[],"class_list":{"0":"post-1746","1":"product","2":"type-product","3":"status-publish","4":"has-post-thumbnail","6":"product_cat-elektryczne-wozki-paletowe","7":"product_shipping_class-kurier-450","9":"first","10":"instock","11":"taxable","12":"shipping-taxable","13":"purchasable","14":"product-type-simple"},"_links":{"self":[{"href":"https:\/\/shop.steel-containers.com\/pl\/wp-json\/wp\/v2\/product\/1746","targetHints":{"allow":["GET"]}}],"collection":[{"href":"https:\/\/shop.steel-containers.com\/pl\/wp-json\/wp\/v2\/product"}],"about":[{"href":"https:\/\/shop.steel-containers.com\/pl\/wp-json\/wp\/v2\/types\/product"}],"replies":[{"embeddable":true,"href":"https:\/\/shop.steel-containers.com\/pl\/wp-json\/wp\/v2\/comments?post=1746"}],"wp:featuredmedia":[{"embeddable":true,"href":"https:\/\/shop.steel-containers.com\/pl\/wp-json\/wp\/v2\/media\/803"}],"wp:attachment":[{"href":"https:\/\/shop.steel-containers.com\/pl\/wp-json\/wp\/v2\/media?parent=1746"}],"wp:term":[{"taxonomy":"product_brand","embeddable":true,"href":"https:\/\/shop.steel-containers.com\/pl\/wp-json\/wp\/v2\/product_brand?post=1746"},{"taxonomy":"product_cat","embeddable":true,"href":"https:\/\/shop.steel-containers.com\/pl\/wp-json\/wp\/v2\/product_cat?post=1746"},{"taxonomy":"product_tag","embeddable":true,"href":"https:\/\/shop.steel-containers.com\/pl\/wp-json\/wp\/v2\/product_tag?post=1746"}],"curies":[{"name":"wp","href":"https:\/\/api.w.org\/{rel}","templated":true}]}}