{"id":1763,"date":"2026-01-22T09:34:45","date_gmt":"2026-01-22T08:34:45","guid":{"rendered":"https:\/\/shop.steel-containers.com\/?post_type=product&#038;p=1763"},"modified":"2026-01-22T09:34:53","modified_gmt":"2026-01-22T08:34:53","slug":"wanna-wychwytowa-niska-z-korkiem-spustowym-pod-2-beczki-poj-83l-150l","status":"publish","type":"product","link":"https:\/\/shop.steel-containers.com\/pl\/produkt\/wanna-wychwytowa-niska-z-korkiem-spustowym-pod-2-beczki-poj-83l-150l\/","title":{"rendered":"Wanna wychwytowa niska z korkiem spustowym pod 2 beczki (poj. 83l \/ 150l)"},"content":{"rendered":"<p>Wanna wychwytowa z tworzywa sztucznego przeznaczona pod dwie beczki o pojemno\u015bci 200 litr\u00f3w. Dost\u0119pna w dw\u00f3ch wariantach wysoko\u015bci \u2013 16,5 cm (poj. wychwytowa 83 l) oraz 30 cm (poj. wychwytowa 150 l). W dolnej cz\u0119\u015bci wyposa\u017cona w odkr\u0119cany korek spustowy, u\u0142atwiaj\u0105cy opr\u00f3\u017cnianie.<br \/>\nPrzystosowana do transportu w\u00f3zkiem wid\u0142owym lub paletowym.<\/p>\n<p>Cechy produktu:<\/p>\n<p>Bezpieczne sk\u0142adowanie r\u00f3\u017cnych substancji \u2013 zabezpieczenie przed wyciekami.<\/p>\n<p>Zdejmowany ruszt \u2013 \u0142atwe czyszczenie i opr\u00f3\u017cnianie wanny.<\/p>\n<p>Odkr\u0119cany korek spustowy \u2013 wygodne usuwanie rozlanych cieczy.<\/p>\n<p>Wymiary zewn\u0119trzne: 130 \u00d7 68 cm<br \/>\nNo\u015bno\u015b\u0107:<br \/>\n\u2022 statyczna: 1200 kg<br \/>\n\u2022 dynamiczna: 650 kg<\/p>\n<p>Warianty:<\/p>\n<p>wysoko\u015b\u0107 16,5 cm \u2013 pojemno\u015b\u0107 wychwytowa 83 l<\/p>\n<p>wysoko\u015b\u0107 30 cm \u2013 pojemno\u015b\u0107 wychwytowa 150 l<\/p>\n<p>&nbsp;<\/p>\n","protected":false},"excerpt":{"rendered":"<p><strong>Wanna wychwytowa<\/strong><\/p>\n","protected":false},"featured_media":931,"comment_status":"open","ping_status":"closed","template":"","meta":[],"product_brand":[],"product_cat":[100],"product_tag":[],"class_list":{"0":"post-1763","1":"product","2":"type-product","3":"status-publish","4":"has-post-thumbnail","6":"product_cat-wanny-wychwytowe-polietylenowe","8":"first","9":"outofstock","10":"taxable","11":"shipping-taxable","12":"product-type-variable"},"_links":{"self":[{"href":"https:\/\/shop.steel-containers.com\/pl\/wp-json\/wp\/v2\/product\/1763","targetHints":{"allow":["GET"]}}],"collection":[{"href":"https:\/\/shop.steel-containers.com\/pl\/wp-json\/wp\/v2\/product"}],"about":[{"href":"https:\/\/shop.steel-containers.com\/pl\/wp-json\/wp\/v2\/types\/product"}],"replies":[{"embeddable":true,"href":"https:\/\/shop.steel-containers.com\/pl\/wp-json\/wp\/v2\/comments?post=1763"}],"wp:featuredmedia":[{"embeddable":true,"href":"https:\/\/shop.steel-containers.com\/pl\/wp-json\/wp\/v2\/media\/931"}],"wp:attachment":[{"href":"https:\/\/shop.steel-containers.com\/pl\/wp-json\/wp\/v2\/media?parent=1763"}],"wp:term":[{"taxonomy":"product_brand","embeddable":true,"href":"https:\/\/shop.steel-containers.com\/pl\/wp-json\/wp\/v2\/product_brand?post=1763"},{"taxonomy":"product_cat","embeddable":true,"href":"https:\/\/shop.steel-containers.com\/pl\/wp-json\/wp\/v2\/product_cat?post=1763"},{"taxonomy":"product_tag","embeddable":true,"href":"https:\/\/shop.steel-containers.com\/pl\/wp-json\/wp\/v2\/product_tag?post=1763"}],"curies":[{"name":"wp","href":"https:\/\/api.w.org\/{rel}","templated":true}]}}