{"id":1766,"date":"2026-01-22T09:34:46","date_gmt":"2026-01-22T08:34:46","guid":{"rendered":"https:\/\/shop.steel-containers.com\/?post_type=product&#038;p=1766"},"modified":"2026-01-22T09:34:54","modified_gmt":"2026-01-22T08:34:54","slug":"wanna-wychwytowa-niska-pod-4-beczki-poj-180l-260l","status":"publish","type":"product","link":"https:\/\/shop.steel-containers.com\/pl\/produkt\/wanna-wychwytowa-niska-pod-4-beczki-poj-180l-260l\/","title":{"rendered":"Wanna wychwytowa niska pod 4 beczki (poj. 180l\/260l)"},"content":{"rendered":"<p class=\"\" data-start=\"133\" data-end=\"375\">Wanna wychwytowa z tworzywa sztucznego, przeznaczona do sk\u0142adowania do czterech beczek 200-litrowych. Dost\u0119pna w dw\u00f3ch wariantach pojemno\u015bci: 180 litr\u00f3w i 260 litr\u00f3w. Produkt przygotowany do obs\u0142ugi przy pomocy w\u00f3zka wid\u0142owego lub paletowego.<\/p>\n<h4 class=\"\" data-start=\"377\" data-end=\"402\">Najwa\u017cniejsze cechy:<\/h4>\n<ul data-start=\"403\" data-end=\"726\">\n<li class=\"\" data-start=\"403\" data-end=\"485\">\n<p class=\"\" data-start=\"405\" data-end=\"485\">Zapewnia bezpieczne sk\u0142adowanie cieczy niebezpiecznych i chroni przed wyciekami.<\/p>\n<\/li>\n<li class=\"\" data-start=\"486\" data-end=\"587\">\n<p class=\"\" data-start=\"488\" data-end=\"587\">Wyposa\u017cona w zdejmowane i sk\u0142adane ruszty z dw\u00f3ch cz\u0119\u015bci \u2013 u\u0142atwia czyszczenie i opr\u00f3\u017cnianie wanny.<\/p>\n<\/li>\n<li class=\"\" data-start=\"588\" data-end=\"666\">\n<p class=\"\" data-start=\"590\" data-end=\"666\">Po zdj\u0119ciu ruszt\u00f3w umo\u017cliwia uk\u0142adanie wanien w stosy, co oszcz\u0119dza miejsce.<\/p>\n<\/li>\n<li class=\"\" data-start=\"667\" data-end=\"726\">\n<p class=\"\" data-start=\"669\" data-end=\"726\">Wykonana z wytrzyma\u0142ego plastiku w kolorze \u017c\u00f3\u0142to-czarnym.<\/p>\n<\/li>\n<\/ul>\n<h4 class=\"\" data-start=\"728\" data-end=\"772\">Wymiary podstawowe (dla obu wariant\u00f3w):<\/h4>\n<ul data-start=\"773\" data-end=\"822\">\n<li class=\"\" data-start=\"773\" data-end=\"797\">\n<p class=\"\" data-start=\"775\" data-end=\"797\"><strong data-start=\"775\" data-end=\"787\">D\u0142ugo\u015b\u0107:<\/strong> 1300 mm<\/p>\n<\/li>\n<li class=\"\" data-start=\"798\" data-end=\"822\">\n<p class=\"\" data-start=\"800\" data-end=\"822\"><strong data-start=\"800\" data-end=\"814\">Szeroko\u015b\u0107:<\/strong> 1300 mm<\/p>\n<\/li>\n<\/ul>\n<ol>\n<li style=\"list-style-type: none;\">\n<ol data-start=\"850\" data-end=\"1578\">\n<li class=\"\" style=\"list-style-type: none;\" data-start=\"1206\" data-end=\"1578\"><\/li>\n<\/ol>\n<\/li>\n<\/ol>\n","protected":false},"excerpt":{"rendered":"<p><strong>Wanna wychwytowa<\/strong><\/p>\n","protected":false},"featured_media":938,"comment_status":"open","ping_status":"closed","template":"","meta":[],"product_brand":[],"product_cat":[100],"product_tag":[],"class_list":{"0":"post-1766","1":"product","2":"type-product","3":"status-publish","4":"has-post-thumbnail","6":"product_cat-wanny-wychwytowe-polietylenowe","8":"first","9":"outofstock","10":"taxable","11":"shipping-taxable","12":"product-type-variable"},"_links":{"self":[{"href":"https:\/\/shop.steel-containers.com\/pl\/wp-json\/wp\/v2\/product\/1766","targetHints":{"allow":["GET"]}}],"collection":[{"href":"https:\/\/shop.steel-containers.com\/pl\/wp-json\/wp\/v2\/product"}],"about":[{"href":"https:\/\/shop.steel-containers.com\/pl\/wp-json\/wp\/v2\/types\/product"}],"replies":[{"embeddable":true,"href":"https:\/\/shop.steel-containers.com\/pl\/wp-json\/wp\/v2\/comments?post=1766"}],"wp:featuredmedia":[{"embeddable":true,"href":"https:\/\/shop.steel-containers.com\/pl\/wp-json\/wp\/v2\/media\/938"}],"wp:attachment":[{"href":"https:\/\/shop.steel-containers.com\/pl\/wp-json\/wp\/v2\/media?parent=1766"}],"wp:term":[{"taxonomy":"product_brand","embeddable":true,"href":"https:\/\/shop.steel-containers.com\/pl\/wp-json\/wp\/v2\/product_brand?post=1766"},{"taxonomy":"product_cat","embeddable":true,"href":"https:\/\/shop.steel-containers.com\/pl\/wp-json\/wp\/v2\/product_cat?post=1766"},{"taxonomy":"product_tag","embeddable":true,"href":"https:\/\/shop.steel-containers.com\/pl\/wp-json\/wp\/v2\/product_tag?post=1766"}],"curies":[{"name":"wp","href":"https:\/\/api.w.org\/{rel}","templated":true}]}}