{"id":1769,"date":"2026-01-22T09:34:46","date_gmt":"2026-01-22T08:34:46","guid":{"rendered":"https:\/\/shop.steel-containers.com\/?post_type=product&#038;p=1769"},"modified":"2026-03-16T13:03:08","modified_gmt":"2026-03-16T12:03:08","slug":"wanna-wychwytowa-okragla-pod-beczke-200l","status":"publish","type":"product","link":"https:\/\/shop.steel-containers.com\/pl\/produkt\/wanna-wychwytowa-okragla-pod-beczke-200l\/","title":{"rendered":"Wanna wychwytowa okr\u0105g\u0142a pod beczk\u0119 200l"},"content":{"rendered":"<p class=\"\" data-start=\"162\" data-end=\"568\">Okr\u0105g\u0142a wanna wychwytowa do zabezpieczenia jednej beczki 200 l, wykonana z odpornego tworzywa sztucznego. Wyposa\u017cona w cztery otwory na szyny w\u00f3zka wid\u0142owego, co umo\u017cliwia bezpieczny transport beczek. Chroni przed wyciekiem cieczy, zmniejsza ryzyko po\u015blizgni\u0119cia si\u0119 pracownika i u\u0142atwia utrzymanie porz\u0105dku na stanowisku pracy. Idealna do tymczasowego zabezpieczenia beczek i innych pojemnik\u00f3w z cieczami.<\/p>\n<p class=\"\" data-start=\"570\" data-end=\"719\"><strong data-start=\"570\" data-end=\"595\">Parametry techniczne:<\/strong><br data-start=\"595\" data-end=\"598\" \/>\u015arednica: 826 mm | Wysoko\u015b\u0107: 220 mm | Pojemno\u015b\u0107 wychwytowa: 55 l<br data-start=\"662\" data-end=\"665\" \/>No\u015bno\u015b\u0107 statyczna: 680 kg | No\u015bno\u015b\u0107 dynamiczna: 350 kg<\/p>\n","protected":false},"excerpt":{"rendered":"<p><strong>Wanna wychwytowa<\/strong><\/p>\n","protected":false},"featured_media":957,"comment_status":"open","ping_status":"closed","template":"","meta":[],"product_brand":[],"product_cat":[100],"product_tag":[],"class_list":{"0":"post-1769","1":"product","2":"type-product","3":"status-publish","4":"has-post-thumbnail","6":"product_cat-wanny-wychwytowe-polietylenowe","7":"product_shipping_class-kurier-200","9":"first","10":"instock","11":"taxable","12":"shipping-taxable","13":"purchasable","14":"product-type-simple"},"_links":{"self":[{"href":"https:\/\/shop.steel-containers.com\/pl\/wp-json\/wp\/v2\/product\/1769","targetHints":{"allow":["GET"]}}],"collection":[{"href":"https:\/\/shop.steel-containers.com\/pl\/wp-json\/wp\/v2\/product"}],"about":[{"href":"https:\/\/shop.steel-containers.com\/pl\/wp-json\/wp\/v2\/types\/product"}],"replies":[{"embeddable":true,"href":"https:\/\/shop.steel-containers.com\/pl\/wp-json\/wp\/v2\/comments?post=1769"}],"wp:featuredmedia":[{"embeddable":true,"href":"https:\/\/shop.steel-containers.com\/pl\/wp-json\/wp\/v2\/media\/957"}],"wp:attachment":[{"href":"https:\/\/shop.steel-containers.com\/pl\/wp-json\/wp\/v2\/media?parent=1769"}],"wp:term":[{"taxonomy":"product_brand","embeddable":true,"href":"https:\/\/shop.steel-containers.com\/pl\/wp-json\/wp\/v2\/product_brand?post=1769"},{"taxonomy":"product_cat","embeddable":true,"href":"https:\/\/shop.steel-containers.com\/pl\/wp-json\/wp\/v2\/product_cat?post=1769"},{"taxonomy":"product_tag","embeddable":true,"href":"https:\/\/shop.steel-containers.com\/pl\/wp-json\/wp\/v2\/product_tag?post=1769"}],"curies":[{"name":"wp","href":"https:\/\/api.w.org\/{rel}","templated":true}]}}